{"id":7756,"date":"2024-10-18T14:34:00","date_gmt":"2024-10-18T14:34:00","guid":{"rendered":"https:\/\/hotelsavoiajolanda.com\/?page_id=7756"},"modified":"2024-11-08T15:05:44","modified_gmt":"2024-11-08T15:05:44","slug":"voucher-digitale","status":"publish","type":"page","link":"https:\/\/hotelsavoiajolanda.com\/de\/voucher-digitale\/","title":{"rendered":"voucher digitale"},"content":{"rendered":"<div style=\"height:179px\" aria-hidden=\"true\" class=\"wp-block-spacer\"><\/div>\n\n\n\n<p><\/p>\n\n\n\n<p><\/p>\n\n\n\n<p>Bando per l\u2019erogazione di contributi per investimenti innovativi in ambito digitale nel settore ricettivo turistico per favorire la ripresa della domanda turistica dopo l\u2019emergenza Covid-19 con riferimento alla DGR n. 1390\u00a0del\u00a016\/9\/2020.<\/p>\n\n\n\n<p><strong>Relazione Conclusiva &#8211; Piano di Utilizzo del &#8220;Voucher Digitale&#8221;<\/strong><\/p>\n\n\n\n<p>Dopo aver intrapreso il percorso di digitalizzazione delineato nel piano di utilizzo del &#8220;Voucher Digitale,&#8221; l&#8217;azienda Savoia &amp; Jolanda S.p.A. ha completato con successo le principali attivit\u00e0 previste dal progetto. Gli interventi effettuati hanno avuto un impatto positivo sia sulla struttura operativa interna che sull&#8217;esperienza digitale dei clienti, rispondendo in modo adeguato alle esigenze sorte con l&#8217;emergenza Covid-19.<\/p>\n\n\n\n<p><strong>Interventi Innovativi per Acquisto e Consulenza<\/strong><\/p>\n\n\n\n<p>Uno degli obiettivi chiave era garantire una maggiore sicurezza informatica e migliorare la gestione operativa. In tal senso, sono stati implementati con successo diversi sistemi di <strong>cyber security<\/strong>, tra cui:<\/p>\n\n\n\n<ul class=\"wp-block-list\">\n<li><strong>Worry-Free Business Security Standard di TrendMicro<\/strong>, che ha protetto gli endpoint aziendali da malware, ransomware e minacce avanzate, garantendo un ambiente lavorativo pi\u00f9 sicuro.<\/li>\n\n\n\n<li><strong>Trend Micro Hosted Email Security V2.X<\/strong>, che ha migliorato la protezione contro attacchi mirati e malware via email.<\/li>\n\n\n\n<li><strong>Certificato di sicurezza SSL wildcard<\/strong>, assicurando la protezione dei domini aziendali.<\/li>\n<\/ul>\n\n\n\n<p>In parallelo, l&#8217;azienda ha intrapreso un progetto di consulenza volto a migliorare la <strong>comunicazione aziendale e i processi di marketing<\/strong> attraverso l\u2019integrazione di sistemi CRM ed ERP. Questo ha permesso di automatizzare le attivit\u00e0 di marketing digitale, incrementando l&#8217;acquisizione e fidelizzazione della clientela. Il progetto ha visto la creazione di funnel di vendita per la <strong>Lead Generation<\/strong>, l&#8217;uso di algoritmi di Intelligenza Artificiale e Machine Learning per l&#8217;analisi dei comportamenti digitali e l\u2019integrazione con i sistemi aziendali esistenti.<\/p>\n\n\n\n<p><strong>Aggiornamento del Sito Web<\/strong><\/p>\n\n\n\n<p>Un altro obiettivo centrale del piano \u00e8 stato il completo <strong>aggiornamento del sito web<\/strong> dell&#8217;azienda, ora ottimizzato per essere <strong>multilingua<\/strong> e <strong>responsive<\/strong> su tutti i dispositivi mobili. Le attivit\u00e0 svolte hanno incluso:<\/p>\n\n\n\n<ul class=\"wp-block-list\">\n<li>Aggiornamento del <strong>template grafico<\/strong> per migliorare la navigabilit\u00e0 su tablet e smartphone.<\/li>\n\n\n\n<li>Revisione e traduzione dei contenuti in <strong>quattro lingue<\/strong>, con l&#8217;integrazione di sezioni dedicate come &#8220;Welcome&#8221;, &#8220;Menu&#8221;, &#8220;Promo&#8221;, e il <strong>blog aziendale<\/strong>.<\/li>\n\n\n\n<li>Ottimizzazione <strong>SEO<\/strong> e collegamento con <strong>Google Analytics<\/strong> per monitorare la qualit\u00e0 delle visite.<\/li>\n<\/ul>\n\n\n\n<p>Questi interventi hanno contribuito a migliorare la visibilit\u00e0 dell&#8217;azienda online e a offrire una navigazione pi\u00f9 fluida e sicura ai visitatori, incrementando il traffico sul sito e la fidelizzazione della clientela.<\/p>\n\n\n\n<p><strong>Software per l\u2019Analisi delle Performance<\/strong><\/p>\n\n\n\n<p>Infine, l&#8217;implementazione di un <strong>sistema di business intelligence<\/strong> per l&#8217;analisi delle performance alberghiere ha introdotto strumenti avanzati per monitorare i principali KPI (Key Performance Index), tra cui il tasso di occupazione e il ricavo medio per camera. Il sistema, dotato di analisi dinamica e multidimensionale, ha permesso di personalizzare i report e di ricevere automaticamente via email i risultati.<\/p>\n\n\n\n<p><strong>Conclusioni<\/strong><\/p>\n\n\n\n<p>Il progetto complessivo ha centrato i suoi obiettivi principali: la <strong>semplificazione dei processi lavorativi<\/strong>, il miglioramento della <strong>sicurezza informatica<\/strong> e la creazione di una <strong>migliore esperienza digitale<\/strong> per i clienti. Grazie all&#8217;implementazione di soluzioni tecnologiche avanzate, la Savoia &amp; Jolanda S.p.A. ha modernizzato le sue operazioni interne e migliorato l&#8217;efficienza, posizionandosi in modo competitivo nel settore alberghiero.<\/p>\n\n\n\n<p>Il progetto si conclude con successo, aprendo la strada a ulteriori sviluppi e innovazioni future.<\/p>\n\n\n\n<p>L\u2019importo \u00e8 di \u20ac 6.000,00.<\/p>","protected":false},"excerpt":{"rendered":"<p>Bando per l\u2019erogazione di contributi per investimenti innovativi in ambito digitale nel settore ricettivo turistico per favorire la ripresa della domanda turistica dopo l\u2019emergenza Covid-19 con riferimento alla DGR n. 1390\u00a0del\u00a016\/9\/2020. Relazione Conclusiva &#8211; Piano di Utilizzo del &#8220;Voucher Digitale&#8221; Dopo aver intrapreso il percorso di digitalizzazione delineato nel piano di utilizzo del &#8220;Voucher Digitale,&#8221; l&#8217;azienda Savoia &amp; Jolanda S.p.A. ha completato con successo le principali attivit\u00e0 previste dal progetto. Gli interventi effettuati hanno avuto un impatto positivo sia sulla struttura operativa interna che sull&#8217;esperienza digitale dei clienti, rispondendo in modo adeguato alle esigenze sorte con l&#8217;emergenza Covid-19. Interventi Innovativi per Acquisto e Consulenza Uno degli obiettivi chiave era garantire una maggiore sicurezza informatica e migliorare la gestione operativa. In tal senso, sono stati implementati con successo diversi sistemi di cyber security, tra cui: In parallelo, l&#8217;azienda ha intrapreso un progetto di consulenza volto a migliorare la comunicazione aziendale e i processi di marketing attraverso l\u2019integrazione di sistemi CRM ed ERP. Questo ha permesso di automatizzare le attivit\u00e0 di marketing digitale, incrementando l&#8217;acquisizione e fidelizzazione della clientela. Il progetto ha visto la creazione di funnel di vendita per la Lead Generation, l&#8217;uso di algoritmi di Intelligenza Artificiale e Machine Learning per l&#8217;analisi dei comportamenti digitali e l\u2019integrazione con i sistemi aziendali esistenti. Aggiornamento del Sito Web Un altro obiettivo centrale del piano \u00e8 stato il completo aggiornamento del sito web dell&#8217;azienda, ora ottimizzato per essere multilingua e responsive su tutti i dispositivi mobili. Le attivit\u00e0 svolte hanno incluso: Questi interventi hanno contribuito a migliorare la visibilit\u00e0 dell&#8217;azienda online e a offrire una navigazione pi\u00f9 fluida e sicura ai visitatori, incrementando il traffico sul sito e la fidelizzazione della clientela. Software per l\u2019Analisi delle Performance Infine, l&#8217;implementazione di un sistema di business intelligence per l&#8217;analisi delle performance alberghiere ha introdotto strumenti avanzati per monitorare i principali KPI (Key Performance Index), tra cui il tasso di occupazione e il ricavo medio per camera. Il sistema, dotato di analisi dinamica e multidimensionale, ha permesso di personalizzare i report e di ricevere automaticamente via email i risultati. Conclusioni Il progetto complessivo ha centrato i suoi obiettivi principali: la semplificazione dei processi lavorativi, il miglioramento della sicurezza informatica e la creazione di una migliore esperienza digitale per i clienti. Grazie all&#8217;implementazione di soluzioni tecnologiche avanzate, la Savoia &amp; Jolanda S.p.A. ha modernizzato le sue operazioni interne e migliorato l&#8217;efficienza, posizionandosi in modo competitivo nel settore alberghiero. Il progetto si conclude con successo, aprendo la strada a ulteriori sviluppi e innovazioni future. L\u2019importo \u00e8 di \u20ac 6.000,00.<\/p>","protected":false},"author":5,"featured_media":0,"parent":0,"menu_order":0,"comment_status":"closed","ping_status":"closed","template":"","meta":{"inline_featured_image":false,"footnotes":""},"class_list":["post-7756","page","type-page","status-publish","hentry"],"aioseo_notices":[],"_links":{"self":[{"href":"https:\/\/hotelsavoiajolanda.com\/de\/wp-json\/wp\/v2\/pages\/7756","targetHints":{"allow":["GET"]}}],"collection":[{"href":"https:\/\/hotelsavoiajolanda.com\/de\/wp-json\/wp\/v2\/pages"}],"about":[{"href":"https:\/\/hotelsavoiajolanda.com\/de\/wp-json\/wp\/v2\/types\/page"}],"author":[{"embeddable":true,"href":"https:\/\/hotelsavoiajolanda.com\/de\/wp-json\/wp\/v2\/users\/5"}],"replies":[{"embeddable":true,"href":"https:\/\/hotelsavoiajolanda.com\/de\/wp-json\/wp\/v2\/comments?post=7756"}],"version-history":[{"count":39,"href":"https:\/\/hotelsavoiajolanda.com\/de\/wp-json\/wp\/v2\/pages\/7756\/revisions"}],"predecessor-version":[{"id":7812,"href":"https:\/\/hotelsavoiajolanda.com\/de\/wp-json\/wp\/v2\/pages\/7756\/revisions\/7812"}],"wp:attachment":[{"href":"https:\/\/hotelsavoiajolanda.com\/de\/wp-json\/wp\/v2\/media?parent=7756"}],"curies":[{"name":"wp","href":"https:\/\/api.w.org\/{rel}","templated":true}]}}